{"id":2,"date":"2020-04-05T11:08:08","date_gmt":"2020-04-05T11:08:08","guid":{"rendered":"https:\/\/www.edensoft.fr\/?page_id=2"},"modified":"2024-07-21T09:13:35","modified_gmt":"2024-07-21T09:13:35","slug":"sample-page","status":"publish","type":"page","link":"https:\/\/www.edensoft.fr\/en\/","title":{"rendered":"Alex Astovasadourian"},"content":{"rendered":"<div class=\"wp-block-uagb-advanced-heading uagb-block-ea935fa4\" id=\"presentation\"><h2 class=\"uagb-heading-text\"><strong>About Me<\/strong><\/h2><\/div>\n\n\n\n<p>The technical field I have known has changed a lot, both in terms of programming languages \u200b\u200band development methods and tools.<\/p>\n\n\n\n<p>Digital transformation is underway in many companies. Innovation does not wait, the industry is constantly reinventing itself. <br>Currently it is about Industry 4.0 with the implementation of advanced technologies such as IoT, AI, AR \/ VR, 3D printing, Drones, Blockchain etc. , and at Accenture we even talk about industry X.0 to reflect a continuous and accelerated revolution.<\/p>\n\n\n\n<p>To be successful, you can no longer just be good in one area, but you have to be able to adapt, learn and evolve constantly.<\/p>\n\n\n\n<p>I have over 20 years of experience in development and integration projects during which I have been involved in the implementation of complex applications, in different domains and for several Large Account clients.<br>Curious, methodical and persevering, I find great satisfaction in the success of a project, and the greatest success was the creation of the platform <a href=\"#portfolio\">ADDS <\/a>(Accenture Digital Distribution Solutions).<\/p>\n\n\n\n<p>For the future, the question naturally arises, develop or manage? And why not both ?<\/p>\n\n\n\n<div class=\"wp-block-columns alignfull are-vertically-aligned-center is-layout-flex wp-container-core-columns-is-layout-28f84493 wp-block-columns-is-layout-flex\">\n<div class=\"wp-block-column is-vertically-aligned-center is-layout-flow wp-block-column-is-layout-flow\" style=\"flex-basis:66.66%\"><\/div>\n\n\n\n<div class=\"wp-block-column is-vertically-aligned-center is-layout-flow wp-block-column-is-layout-flow\" style=\"flex-basis:33.33%\">\n<div class=\"wp-block-buttons is-content-justification-center is-layout-flex wp-container-core-buttons-is-layout-a89b3969 wp-block-buttons-is-layout-flex\">\n<div class=\"wp-block-button\"><a class=\"wp-block-button__link has-very-dark-gray-background-color has-background wp-element-button\" href=\"https:\/\/www.edensoft.fr\/wp-content\/uploads\/2024\/07\/CV-AlexAstovasadourian_2024_FR.pdf\" style=\"border-radius:5px\" target=\"_blank\" rel=\"noopener noreferrer\">Download my CV<\/a><\/div>\n<\/div>\n\n\n\n<p><\/p>\n<\/div>\n<\/div>\n\n\n\n<p><\/p>\n\n\n\n<div style=\"height:50px\" aria-hidden=\"true\" class=\"wp-block-spacer\"><\/div>\n\n\n\n<div class=\"wp-block-uagb-advanced-heading uagb-block-7cc90f5f\" id=\"expertises\"><h2 class=\"uagb-heading-text\"><strong>Skills<\/strong><\/h2><\/div>\n\n\n\n<section class=\"wp-block-uagb-columns uagb-columns__wrap uagb-columns__background-none uagb-columns__stack-mobile uagb-columns__valign-center uagb-columns__gap-10 alignfull uagb-block-ecad6b23 uagb-columns__columns-2 uagb-columns__max_width-theme\"><div class=\"uagb-columns__overlay\"><\/div><div class=\"uagb-columns__inner-wrap uagb-columns__columns-2\">\n<div class=\"wp-block-uagb-column uagb-column__wrap uagb-column__background-undefined uagb-block-5ba266ac\"><div class=\"uagb-column__overlay\"><\/div>\n<div style=\"height:50px\" aria-hidden=\"true\" class=\"wp-block-spacer\"><\/div>\n\n\n\n<figure class=\"wp-block-image aligncenter size-large is-resized\"><img decoding=\"async\" src=\"https:\/\/www.edensoft.fr\/wp-content\/uploads\/2020\/04\/team.svg\" alt=\"\" class=\"wp-image-325\" style=\"width:250px;height:250px\"\/><\/figure>\n<\/div>\n\n\n\n<div class=\"wp-block-uagb-column uagb-column__wrap uagb-column__background-color uagb-block-44701ec8\"><div class=\"uagb-column__overlay\"><\/div>\n<h3 class=\"wp-block-heading has-text-align-left wp-expertise-section\"><strong>#1<\/strong><\/h3>\n\n\n\n<h3 class=\"wp-block-heading has-text-align-left wp-expertise-section-title\"><strong>Management<\/strong><\/h3>\n\n\n\n<div class=\"wp-block-uagb-icon-list uagb-block-79ee6912 uagb-icon-list__outer-wrap uagb-icon-list__layout-vertical\"><div class=\"uagb-icon-list__wrap\">\n<div class=\"wp-block-uagb-icon-list-child uagb-block-456c8665 uagb-icon-list-repeater uagb-icon-list__wrapper\"><span class=\"uagb-icon-list__source-wrap\"><svg xmlns=\"https:\/\/www.w3.org\/2000\/svg\" viewbox=\"0 0 256 512\"><path d=\"M64 448c-8.188 0-16.38-3.125-22.62-9.375c-12.5-12.5-12.5-32.75 0-45.25L178.8 256L41.38 118.6c-12.5-12.5-12.5-32.75 0-45.25s32.75-12.5 45.25 0l160 160c12.5 12.5 12.5 32.75 0 45.25l-160 160C80.38 444.9 72.19 448 64 448z\"><\/path><\/svg><\/span><span class=\"uagb-icon-list__label\">Supervision of teams of 5-10 developers<\/span><\/div>\n\n\n\n<div class=\"wp-block-uagb-icon-list-child uagb-block-97da4cc6 uagb-icon-list-repeater uagb-icon-list__wrapper\"><span class=\"uagb-icon-list__source-wrap\"><svg xmlns=\"https:\/\/www.w3.org\/2000\/svg\" viewbox=\"0 0 256 512\"><path d=\"M64 448c-8.188 0-16.38-3.125-22.62-9.375c-12.5-12.5-12.5-32.75 0-45.25L178.8 256L41.38 118.6c-12.5-12.5-12.5-32.75 0-45.25s32.75-12.5 45.25 0l160 160c12.5 12.5 12.5 32.75 0 45.25l-160 160C80.38 444.9 72.19 448 64 448z\"><\/path><\/svg><\/span><span class=\"uagb-icon-list__label\">Assessment, listening &amp; coaching<\/span><\/div>\n\n\n\n<div class=\"wp-block-uagb-icon-list-child uagb-block-fe3c84ca uagb-icon-list-repeater uagb-icon-list__wrapper\"><span class=\"uagb-icon-list__source-wrap\"><svg xmlns=\"https:\/\/www.w3.org\/2000\/svg\" viewbox=\"0 0 256 512\"><path d=\"M64 448c-8.188 0-16.38-3.125-22.62-9.375c-12.5-12.5-12.5-32.75 0-45.25L178.8 256L41.38 118.6c-12.5-12.5-12.5-32.75 0-45.25s32.75-12.5 45.25 0l160 160c12.5 12.5 12.5 32.75 0 45.25l-160 160C80.38 444.9 72.19 448 64 448z\"><\/path><\/svg><\/span><span class=\"uagb-icon-list__label\">Organize inter-team meetings<\/span><\/div>\n\n\n\n<div class=\"wp-block-uagb-icon-list-child uagb-block-2434d681 uagb-icon-list-repeater uagb-icon-list__wrapper\"><span class=\"uagb-icon-list__source-wrap\"><svg xmlns=\"https:\/\/www.w3.org\/2000\/svg\" viewbox=\"0 0 256 512\"><path d=\"M64 448c-8.188 0-16.38-3.125-22.62-9.375c-12.5-12.5-12.5-32.75 0-45.25L178.8 256L41.38 118.6c-12.5-12.5-12.5-32.75 0-45.25s32.75-12.5 45.25 0l160 160c12.5 12.5 12.5 32.75 0 45.25l-160 160C80.38 444.9 72.19 448 64 448z\"><\/path><\/svg><\/span><span class=\"uagb-icon-list__label\">Technological watch<\/span><\/div>\n\n\n\n<div class=\"wp-block-uagb-icon-list-child uagb-block-a27e267b uagb-icon-list-repeater uagb-icon-list__wrapper\"><span class=\"uagb-icon-list__source-wrap\"><svg xmlns=\"https:\/\/www.w3.org\/2000\/svg\" viewbox=\"0 0 256 512\"><path d=\"M64 448c-8.188 0-16.38-3.125-22.62-9.375c-12.5-12.5-12.5-32.75 0-45.25L178.8 256L41.38 118.6c-12.5-12.5-12.5-32.75 0-45.25s32.75-12.5 45.25 0l160 160c12.5 12.5 12.5 32.75 0 45.25l-160 160C80.38 444.9 72.19 448 64 448z\"><\/path><\/svg><\/span><span class=\"uagb-icon-list__label\">Programming strategies<\/span><\/div>\n<\/div><\/div>\n\n\n\n<p><\/p>\n<\/div>\n<\/div><\/section>\n\n\n\n<section class=\"wp-block-uagb-columns uagb-columns__wrap uagb-columns__background-none uagb-columns__stack-mobile uagb-columns__valign-center uagb-columns__gap-10 alignfull uagb-columns__reverse-mobile uagb-block-4c65fde9 uagb-columns__columns-2 uagb-columns__max_width-theme\"><div class=\"uagb-columns__overlay\"><\/div><div class=\"uagb-columns__inner-wrap uagb-columns__columns-2\">\n<div class=\"wp-block-uagb-column uagb-column__wrap uagb-column__background-color uagb-block-d9be2be2\"><div class=\"uagb-column__overlay\"><\/div>\n<h3 class=\"wp-block-heading wp-expertise-section\"><strong>#2<\/strong><\/h3>\n\n\n\n<h3 class=\"wp-block-heading wp-expertise-section-title\"><strong>Project Management<\/strong><\/h3>\n\n\n\n<div class=\"wp-block-uagb-icon-list uagb-block-a04552d0 uagb-icon-list__outer-wrap uagb-icon-list__layout-vertical\"><div class=\"uagb-icon-list__wrap\">\n<div class=\"wp-block-uagb-icon-list-child uagb-block-e1fcdccf uagb-icon-list-repeater uagb-icon-list__wrapper\"><span class=\"uagb-icon-list__source-wrap\"><svg xmlns=\"https:\/\/www.w3.org\/2000\/svg\" viewbox=\"0 0 256 512\"><path d=\"M64 448c-8.188 0-16.38-3.125-22.62-9.375c-12.5-12.5-12.5-32.75 0-45.25L178.8 256L41.38 118.6c-12.5-12.5-12.5-32.75 0-45.25s32.75-12.5 45.25 0l160 160c12.5 12.5 12.5 32.75 0 45.25l-160 160C80.38 444.9 72.19 448 64 448z\"><\/path><\/svg><\/span><span class=\"uagb-icon-list__label\">Agile methodologies, DevOPS<\/span><\/div>\n\n\n\n<div class=\"wp-block-uagb-icon-list-child uagb-block-ff56426c uagb-icon-list-repeater uagb-icon-list__wrapper\"><span class=\"uagb-icon-list__source-wrap\"><svg xmlns=\"https:\/\/www.w3.org\/2000\/svg\" viewbox=\"0 0 256 512\"><path d=\"M64 448c-8.188 0-16.38-3.125-22.62-9.375c-12.5-12.5-12.5-32.75 0-45.25L178.8 256L41.38 118.6c-12.5-12.5-12.5-32.75 0-45.25s32.75-12.5 45.25 0l160 160c12.5 12.5 12.5 32.75 0 45.25l-160 160C80.38 444.9 72.19 448 64 448z\"><\/path><\/svg><\/span><span class=\"uagb-icon-list__label\">Scoping, estimation, planning<\/span><\/div>\n\n\n\n<div class=\"wp-block-uagb-icon-list-child uagb-block-aa6fcd16 uagb-icon-list-repeater uagb-icon-list__wrapper\"><span class=\"uagb-icon-list__source-wrap\"><svg xmlns=\"https:\/\/www.w3.org\/2000\/svg\" viewbox=\"0 0 256 512\"><path d=\"M64 448c-8.188 0-16.38-3.125-22.62-9.375c-12.5-12.5-12.5-32.75 0-45.25L178.8 256L41.38 118.6c-12.5-12.5-12.5-32.75 0-45.25s32.75-12.5 45.25 0l160 160c12.5 12.5 12.5 32.75 0 45.25l-160 160C80.38 444.9 72.19 448 64 448z\"><\/path><\/svg><\/span><span class=\"uagb-icon-list__label\">Definition of an application roadmap<\/span><\/div>\n\n\n\n<div class=\"wp-block-uagb-icon-list-child uagb-block-438ebc46 uagb-icon-list-repeater uagb-icon-list__wrapper\"><span class=\"uagb-icon-list__source-wrap\"><svg xmlns=\"https:\/\/www.w3.org\/2000\/svg\" viewbox=\"0 0 256 512\"><path d=\"M64 448c-8.188 0-16.38-3.125-22.62-9.375c-12.5-12.5-12.5-32.75 0-45.25L178.8 256L41.38 118.6c-12.5-12.5-12.5-32.75 0-45.25s32.75-12.5 45.25 0l160 160c12.5 12.5 12.5 32.75 0 45.25l-160 160C80.38 444.9 72.19 448 64 448z\"><\/path><\/svg><\/span><span class=\"uagb-icon-list__label\">Monitoring of deliverables<\/span><\/div>\n\n\n\n<div class=\"wp-block-uagb-icon-list-child uagb-block-af0a94c4 uagb-icon-list-repeater uagb-icon-list__wrapper\"><span class=\"uagb-icon-list__source-wrap\"><svg xmlns=\"https:\/\/www.w3.org\/2000\/svg\" viewbox=\"0 0 256 512\"><path d=\"M64 448c-8.188 0-16.38-3.125-22.62-9.375c-12.5-12.5-12.5-32.75 0-45.25L178.8 256L41.38 118.6c-12.5-12.5-12.5-32.75 0-45.25s32.75-12.5 45.25 0l160 160c12.5 12.5 12.5 32.75 0 45.25l-160 160C80.38 444.9 72.19 448 64 448z\"><\/path><\/svg><\/span><span class=\"uagb-icon-list__label\">Communication (internal &amp; client)<\/span><\/div>\n<\/div><\/div>\n\n\n\n<p><\/p>\n<\/div>\n\n\n\n<div class=\"wp-block-uagb-column uagb-column__wrap uagb-column__background-undefined uagb-block-317cc24d\"><div class=\"uagb-column__overlay\"><\/div>\n<div style=\"height:50px\" aria-hidden=\"true\" class=\"wp-block-spacer\"><\/div>\n\n\n\n<figure class=\"wp-block-image aligncenter size-large is-resized\"><img decoding=\"async\" src=\"https:\/\/www.edensoft.fr\/wp-content\/uploads\/2020\/04\/folder.svg\" alt=\"\" class=\"wp-image-320\" style=\"width:250px;height:250px\"\/><\/figure>\n<\/div>\n<\/div><\/section>\n\n\n\n<section class=\"wp-block-uagb-columns uagb-columns__wrap uagb-columns__background-none uagb-columns__stack-mobile uagb-columns__valign-center uagb-columns__gap-10 alignfull uagb-block-57181df8 uagb-columns__columns-2 uagb-columns__max_width-theme\"><div class=\"uagb-columns__overlay\"><\/div><div class=\"uagb-columns__inner-wrap uagb-columns__columns-2\">\n<div class=\"wp-block-uagb-column uagb-column__wrap uagb-column__background-undefined uagb-block-bd130b51\"><div class=\"uagb-column__overlay\"><\/div>\n<div style=\"height:50px\" aria-hidden=\"true\" class=\"wp-block-spacer\"><\/div>\n\n\n\n<figure class=\"wp-block-image aligncenter size-large is-resized\"><img decoding=\"async\" src=\"https:\/\/www.edensoft.fr\/wp-content\/uploads\/2020\/04\/settings.svg\" alt=\"\" class=\"wp-image-323\" style=\"width:250px;height:250px\"\/><\/figure>\n<\/div>\n\n\n\n<div class=\"wp-block-uagb-column uagb-column__wrap uagb-column__background-color uagb-block-b8dac69d\"><div class=\"uagb-column__overlay\"><\/div>\n<h3 class=\"wp-block-heading has-text-align-left wp-expertise-section\"><strong>#3<\/strong><\/h3>\n\n\n\n<h3 class=\"wp-block-heading has-text-align-left wp-expertise-section-title\"><strong><strong>Programming<\/strong><\/strong><\/h3>\n\n\n\n<div class=\"wp-block-uagb-icon-list uagb-block-44fe472f uagb-icon-list__outer-wrap uagb-icon-list__layout-vertical\"><div class=\"uagb-icon-list__wrap\">\n<div class=\"wp-block-uagb-icon-list-child uagb-block-5c495851 uagb-icon-list-repeater uagb-icon-list__wrapper\"><span class=\"uagb-icon-list__source-wrap\"><svg xmlns=\"https:\/\/www.w3.org\/2000\/svg\" viewbox=\"0 0 256 512\"><path d=\"M64 448c-8.188 0-16.38-3.125-22.62-9.375c-12.5-12.5-12.5-32.75 0-45.25L178.8 256L41.38 118.6c-12.5-12.5-12.5-32.75 0-45.25s32.75-12.5 45.25 0l160 160c12.5 12.5 12.5 32.75 0 45.25l-160 160C80.38 444.9 72.19 448 64 448z\"><\/path><\/svg><\/span><span class=\"uagb-icon-list__label\">UI \/ UX development<\/span><\/div>\n\n\n\n<div class=\"wp-block-uagb-icon-list-child uagb-block-34ee2d62 uagb-icon-list-repeater uagb-icon-list__wrapper\"><span class=\"uagb-icon-list__source-wrap\"><svg xmlns=\"https:\/\/www.w3.org\/2000\/svg\" viewbox=\"0 0 256 512\"><path d=\"M64 448c-8.188 0-16.38-3.125-22.62-9.375c-12.5-12.5-12.5-32.75 0-45.25L178.8 256L41.38 118.6c-12.5-12.5-12.5-32.75 0-45.25s32.75-12.5 45.25 0l160 160c12.5 12.5 12.5 32.75 0 45.25l-160 160C80.38 444.9 72.19 448 64 448z\"><\/path><\/svg><\/span><span class=\"uagb-icon-list__label\">Backend services<\/span><\/div>\n\n\n\n<div class=\"wp-block-uagb-icon-list-child uagb-block-1ca69b01 uagb-icon-list-repeater uagb-icon-list__wrapper\"><span class=\"uagb-icon-list__source-wrap\"><svg xmlns=\"https:\/\/www.w3.org\/2000\/svg\" viewbox=\"0 0 256 512\"><path d=\"M64 448c-8.188 0-16.38-3.125-22.62-9.375c-12.5-12.5-12.5-32.75 0-45.25L178.8 256L41.38 118.6c-12.5-12.5-12.5-32.75 0-45.25s32.75-12.5 45.25 0l160 160c12.5 12.5 12.5 32.75 0 45.25l-160 160C80.38 444.9 72.19 448 64 448z\"><\/path><\/svg><\/span><span class=\"uagb-icon-list__label\">Web API (REST, SOAP)<\/span><\/div>\n\n\n\n<div class=\"wp-block-uagb-icon-list-child uagb-block-30440ac4 uagb-icon-list-repeater uagb-icon-list__wrapper\"><span class=\"uagb-icon-list__source-wrap\"><svg xmlns=\"https:\/\/www.w3.org\/2000\/svg\" viewbox=\"0 0 256 512\"><path d=\"M64 448c-8.188 0-16.38-3.125-22.62-9.375c-12.5-12.5-12.5-32.75 0-45.25L178.8 256L41.38 118.6c-12.5-12.5-12.5-32.75 0-45.25s32.75-12.5 45.25 0l160 160c12.5 12.5 12.5 32.75 0 45.25l-160 160C80.38 444.9 72.19 448 64 448z\"><\/path><\/svg><\/span><span class=\"uagb-icon-list__label\">Databases<\/span><\/div>\n\n\n\n<div class=\"wp-block-uagb-icon-list-child uagb-block-c0f943fa uagb-icon-list-repeater uagb-icon-list__wrapper\"><span class=\"uagb-icon-list__source-wrap\"><svg xmlns=\"https:\/\/www.w3.org\/2000\/svg\" viewbox=\"0 0 256 512\"><path d=\"M64 448c-8.188 0-16.38-3.125-22.62-9.375c-12.5-12.5-12.5-32.75 0-45.25L178.8 256L41.38 118.6c-12.5-12.5-12.5-32.75 0-45.25s32.75-12.5 45.25 0l160 160c12.5 12.5 12.5 32.75 0 45.25l-160 160C80.38 444.9 72.19 448 64 448z\"><\/path><\/svg><\/span><span class=\"uagb-icon-list__label\">Microsoft Architectures<\/span><\/div>\n\n\n\n<div class=\"wp-block-uagb-icon-list-child uagb-block-0958a2c3 uagb-icon-list-repeater uagb-icon-list__wrapper\"><span class=\"uagb-icon-list__source-wrap\"><svg xmlns=\"https:\/\/www.w3.org\/2000\/svg\" viewbox=\"0 0 256 512\"><path d=\"M64 448c-8.188 0-16.38-3.125-22.62-9.375c-12.5-12.5-12.5-32.75 0-45.25L178.8 256L41.38 118.6c-12.5-12.5-12.5-32.75 0-45.25s32.75-12.5 45.25 0l160 160c12.5 12.5 12.5 32.75 0 45.25l-160 160C80.38 444.9 72.19 448 64 448z\"><\/path><\/svg><\/span><span class=\"uagb-icon-list__label\">Cloud Architectures<\/span><\/div>\n<\/div><\/div>\n\n\n\n<p><\/p>\n<\/div>\n<\/div><\/section>\n\n\n\n<div style=\"height:50px\" aria-hidden=\"true\" class=\"wp-block-spacer\"><\/div>\n\n\n\n<div class=\"wp-block-uagb-advanced-heading uagb-block-868fd789\" id=\"competences-techniques\"><h2 class=\"uagb-heading-text\"><strong>Technical Knowledge<\/strong><\/h2><\/div>\n\n\n\n\n\n\n<div style=\"height:50px\" aria-hidden=\"true\" class=\"wp-block-spacer\"><\/div>\n\n\n\n<div class=\"wp-block-uagb-advanced-heading uagb-block-11d67928\" id=\"portfolio\"><h2 class=\"uagb-heading-text\"><strong>Experience<\/strong><\/h2><\/div>\n\n\n\n<p><strong>2021 \u2013 Today \u2013 Full-stack developer \u2013 L Commerce \u2013 Ivry-sur-Seine<\/strong><\/p>\n\n\n\n<p>Redesign of the e.leclerc website catalog<\/p>\n\n\n\n<ul class=\"wp-block-list\">\n<li>Development of Backoffice modules for the site <a href=\"https:\/\/www.e.leclerc\/\">https:\/\/www.e.leclerc\/<\/a> (Catalog Management, Promotions, CMS, Marketplace, Dropshipping, etc.)<\/li>\n\n\n\n<li>System integrations<\/li>\n\n\n\n<li>Google Cloud Platform, .NET Core 8, Microsoft Blazor WebAssembly, PostgreSQL,&nbsp; Hangfire<\/li>\n<\/ul>\n\n\n\n<p><strong>2014 - 2019 Offering Lead \u2013 Digiplug (an Accenture company) \u2013 Paris<\/strong><\/p>\n\n\n\n<p>With a team of 1 technical lead, 5 developers and 1 IT, I developed the solution&nbsp;<a rel=\"noreferrer noopener\" href=\"https:\/\/www.accenture.com\/t20180219t110957z__w__\/sa-en\/_acnmedia\/pdf-69\/accenture-adds-connected-worker-transcript.pdf\" target=\"_blank\">ADDS&nbsp;<\/a>(Accenture Digital Distribution Solution), a scalable &amp; elastic platform (cloud architecture), open (API layer, business rules engine) and secure (regular updates via DevOPS processes, scans of vulnerabilities in open source packages using tools such as than Black Duck).<br>I worked both on the technical level (implementation, deliveries) as well as on the managerial &amp; strategic level (roadmap, team management, marketing and sales). ADDS is a platform developed to ingest metadata and binaries, apply business rules and transformations, and deliver the digital product to other businesses, end users or systems. <\/p>\n\n\n\n<p>Following the development of the platform, each client project carried out on the ADDS platform mobilized on average 300 man\/days:<\/p>\n\n\n\n<ul class=\"wp-block-list\">\n<li>2 to 10 backend developers (onshore and offshore)<\/li>\n\n\n\n<li>2 to 5 frontend and mobile developers<\/li>\n\n\n\n<li>1 IT ressource<\/li>\n\n\n\n<li>2 Test ressources<\/li>\n<\/ul>\n\n\n\n<p>3 offerings have been developed on this platform:<\/p>\n\n\n\n<ul class=\"wp-block-list\">\n<li>Connected Worker (patented&nbsp;<a href=\"https:\/\/patents.google.com\/patent\/US20170068743\">https:\/\/patents.google.com\/patent\/US20170068743<\/a>), a solution leveraging the latest mobile and wearable technologies allowing field workers to access their daily work orders in rich multimedia formats, communicate with remote experts via video calls or leave real-time comments by voice or picture<\/li>\n\n\n\n<li>3D printing (patented&nbsp;<a href=\"https:\/\/patents.google.com\/patent\/EP3156926A1\">https:\/\/patents.google.com\/patent\/EP3156926A1<\/a>), a solution to secure and print 3D models remotely<\/li>\n\n\n\n<li><a href=\"https:\/\/www.accenture.com\/t20180219T110353Z__w__\/mu-en\/_acnmedia\/PDF-69\/Accenture-ADDS-Connected-Drones-Transcript.pdf\">Connected Drones<\/a>, a solution to ingest the planned routes of drones (defined in Pix4D or DroneDeploy), apply image recognition (AI) to detect faults and automatically generate repair orders<\/li>\n<\/ul>\n\n\n\n<figure class=\"wp-block-embed is-type-video is-provider-vimeo wp-block-embed-vimeo wp-embed-aspect-16-9 wp-has-aspect-ratio\"><div class=\"wp-block-embed__wrapper\">\n<div class=\"ast-oembed-container\" style=\"height: 100%;\"><iframe loading=\"lazy\" title=\"ADDS Connected Worker Solution \u2013 End-to-End Demo\" src=\"https:\/\/player.vimeo.com\/video\/283907254?dnt=1&amp;app_id=122963\" width=\"500\" height=\"281\" frameborder=\"0\" allow=\"autoplay; fullscreen; picture-in-picture; clipboard-write\"><\/iframe><\/div>\n<\/div><figcaption class=\"wp-element-caption\"><em><span class=\"has-inline-color has-cyan-bluish-gray-color\">ADDS Connected Worker Solution<\/span><\/em><\/figcaption><\/figure>\n\n\n\n<div style=\"height:20px\" aria-hidden=\"true\" class=\"wp-block-spacer\"><\/div>\n\n\n\n<div class=\"wp-block-uagb-advanced-heading uagb-block-f1e1960b\" id=\"clients\"><h4 class=\"uagb-heading-text\">Many international clients:<\/h4><p class=\"uagb-desc-text\">In an often international context, I participated in the development of innovative solutions based on ADDS for different Accenture customers, in Proof of Concept, pilot or production mode, using agile methodologies on contracts that can cost several million euros.<br>I met many customers, in various activity sectors, and I was able to work with them and support them on their digital transformation issues (new types of devices, new data formats, IoT, Cloud, etc.) .<\/p><\/div>\n\n\n\n\n\n\n<div style=\"height:100px\" aria-hidden=\"true\" class=\"wp-block-spacer\"><\/div>\n\n\n\n<div class=\"wp-block-uagb-advanced-heading uagb-block-d51d70c2\"><h2 class=\"uagb-heading-text\">Contact me and let's work together!<\/h2><\/div>\n\n\n\n<div class=\"wp-block-buttons is-content-justification-center is-layout-flex wp-container-core-buttons-is-layout-a89b3969 wp-block-buttons-is-layout-flex\">\n<div class=\"wp-block-button\"><a class=\"wp-block-button__link has-very-dark-gray-background-color has-background wp-element-button\" href=\"mailto:alex.asto@edensoft.fr\" style=\"border-radius:5px\" target=\"_blank\" rel=\"noopener noreferrer\">Contact Me<\/a><\/div>\n<\/div>\n\n\n\n<p><\/p>","protected":false},"excerpt":{"rendered":"<p>Pr\u00e9sentation L&rsquo;informatique que j&rsquo;ai connu a beaucoup chang\u00e9, tant au niveau des langages de programmation que des m\u00e9thodes et outils de d\u00e9veloppement. La transformation digitale est en cours dans beaucoup d&rsquo;entreprises. L&rsquo;innovation n&rsquo;attend pas, l&rsquo;industrie se r\u00e9invente constamment. Actuellement il est question d&rsquo;industrie 4.0 avec la mise en place de technologies avanc\u00e9es telles que l&rsquo;IoT, [&hellip;]<\/p>","protected":false},"author":1,"featured_media":0,"parent":0,"menu_order":0,"comment_status":"closed","ping_status":"open","template":"","meta":{"inline_featured_image":false,"_uag_custom_page_level_css":"","site-sidebar-layout":"default","site-content-layout":"default","ast-site-content-layout":"default","site-content-style":"default","site-sidebar-style":"default","ast-global-header-display":"","ast-banner-title-visibility":"","ast-main-header-display":"","ast-hfb-above-header-display":"","ast-hfb-below-header-display":"","ast-hfb-mobile-header-display":"","site-post-title":"","ast-breadcrumbs-content":"","ast-featured-img":"","footer-sml-layout":"","theme-transparent-header-meta":"default","adv-header-id-meta":"7","stick-header-meta":"enabled","header-above-stick-meta":"","header-main-stick-meta":"on","header-below-stick-meta":"","astra-migrate-meta-layouts":"set","ast-page-background-enabled":"default","ast-page-background-meta":{"desktop":{"background-color":"","background-image":"","background-repeat":"repeat","background-position":"center center","background-size":"auto","background-attachment":"scroll","background-type":"","background-media":"","overlay-type":"","overlay-color":"","overlay-opacity":"","overlay-gradient":""},"tablet":{"background-color":"","background-image":"","background-repeat":"repeat","background-position":"center center","background-size":"auto","background-attachment":"scroll","background-type":"","background-media":"","overlay-type":"","overlay-color":"","overlay-opacity":"","overlay-gradient":""},"mobile":{"background-color":"","background-image":"","background-repeat":"repeat","background-position":"center center","background-size":"auto","background-attachment":"scroll","background-type":"","background-media":"","overlay-type":"","overlay-color":"","overlay-opacity":"","overlay-gradient":""}},"ast-content-background-meta":{"desktop":{"background-color":"var(--ast-global-color-5)","background-image":"","background-repeat":"repeat","background-position":"center center","background-size":"auto","background-attachment":"scroll","background-type":"","background-media":"","overlay-type":"","overlay-color":"","overlay-opacity":"","overlay-gradient":""},"tablet":{"background-color":"var(--ast-global-color-5)","background-image":"","background-repeat":"repeat","background-position":"center center","background-size":"auto","background-attachment":"scroll","background-type":"","background-media":"","overlay-type":"","overlay-color":"","overlay-opacity":"","overlay-gradient":""},"mobile":{"background-color":"var(--ast-global-color-5)","background-image":"","background-repeat":"repeat","background-position":"center center","background-size":"auto","background-attachment":"scroll","background-type":"","background-media":"","overlay-type":"","overlay-color":"","overlay-opacity":"","overlay-gradient":""}},"footnotes":""},"class_list":["post-2","page","type-page","status-publish","hentry"],"uagb_featured_image_src":{"full":false,"thumbnail":false,"medium":false,"medium_large":false,"large":false,"1536x1536":false,"2048x2048":false,"trp-custom-language-flag":false},"uagb_author_info":{"display_name":"esadmin","author_link":"https:\/\/www.edensoft.fr\/en\/author\/esadmin\/"},"uagb_comment_info":0,"uagb_excerpt":"Pr\u00e9sentation L&rsquo;informatique que j&rsquo;ai connu a beaucoup chang\u00e9, tant au niveau des langages de programmation que des m\u00e9thodes et outils de d\u00e9veloppement. La transformation digitale est en cours dans beaucoup d&rsquo;entreprises. L&rsquo;innovation n&rsquo;attend pas, l&rsquo;industrie se r\u00e9invente constamment. Actuellement il est question d&rsquo;industrie 4.0 avec la mise en place de technologies avanc\u00e9es telles que l&rsquo;IoT,&hellip;","_links":{"self":[{"href":"https:\/\/www.edensoft.fr\/en\/wp-json\/wp\/v2\/pages\/2","targetHints":{"allow":["GET"]}}],"collection":[{"href":"https:\/\/www.edensoft.fr\/en\/wp-json\/wp\/v2\/pages"}],"about":[{"href":"https:\/\/www.edensoft.fr\/en\/wp-json\/wp\/v2\/types\/page"}],"author":[{"embeddable":true,"href":"https:\/\/www.edensoft.fr\/en\/wp-json\/wp\/v2\/users\/1"}],"replies":[{"embeddable":true,"href":"https:\/\/www.edensoft.fr\/en\/wp-json\/wp\/v2\/comments?post=2"}],"version-history":[{"count":127,"href":"https:\/\/www.edensoft.fr\/en\/wp-json\/wp\/v2\/pages\/2\/revisions"}],"predecessor-version":[{"id":439,"href":"https:\/\/www.edensoft.fr\/en\/wp-json\/wp\/v2\/pages\/2\/revisions\/439"}],"wp:attachment":[{"href":"https:\/\/www.edensoft.fr\/en\/wp-json\/wp\/v2\/media?parent=2"}],"curies":[{"name":"wp","href":"https:\/\/api.w.org\/{rel}","templated":true}]}}